{"id":2,"date":"2017-10-30T16:21:47","date_gmt":"2017-10-30T16:21:47","guid":{"rendered":"http:\/\/bcapitales.com\/?page_id=2"},"modified":"2024-09-12T00:08:07","modified_gmt":"2024-09-12T00:08:07","slug":"home-1","status":"publish","type":"page","link":"https:\/\/www.bcapitales.com\/","title":{"rendered":"Home 1"},"content":{"rendered":"<p>[vc_row full_width=\u00bbstretch_row_content_no_spaces\u00bb hide_bg_image_on_tablet=\u00bb\u00bb hide_bg_image_on_mobile=\u00bb\u00bb css=\u00bb.vc_custom_1516091458283{background-size: cover !important;}\u00bb][vc_column icons_position=\u00bbleft\u00bb][rev_slider_vc alias=\u00bbhome_1&#8243;][\/vc_column][\/vc_row][vc_row full_width=\u00bbstretch_row\u00bb hide_bg_image_on_tablet=\u00bb\u00bb hide_bg_image_on_mobile=\u00bb\u00bb el_id=\u00bbnosotros\u00bb][vc_column width=\u00bb5\/6&#8243; icons_position=\u00bbleft\u00bb offset=\u00bbvc_col-md-offset-2 vc_col-md-8 vc_col-sm-offset-1&#8243;][vc_empty_space height=\u00bb3.35rem\u00bb alter_height=\u00bbnone\u00bb hide_on_desktop=\u00bb\u00bb hide_on_notebook=\u00bb\u00bb hide_on_tablet=\u00bb\u00bb hide_on_mobile=\u00bb1&#8243;][vc_empty_space height=\u00bb4rem\u00bb alter_height=\u00bbnone\u00bb hide_on_desktop=\u00bb\u00bb hide_on_notebook=\u00bb\u00bb hide_on_tablet=\u00bb\u00bb hide_on_mobile=\u00bb\u00bb]<div id=\"sc_content_2084938586\"\n\t\tclass=\"sc_content color_style_default sc_content_default sc_content_width_90p sc_float_center sc_align_justify\"><div class=\"sc_content_container\"><div id=\"sc_title_1230989447\"\n\t\tclass=\"sc_title color_style_default sc_title_default with_border\"><h6 class=\"sc_item_subtitle sc_title_subtitle sc_align_center sc_item_title_style_default\">Bienvenidos a<\/h6><h3 class=\"sc_item_title sc_title_title sc_align_center sc_item_title_style_default\">Empresa BCapitales<\/h3><div class=\"title_icon icon-010-wave  sc_align_center\"><\/div>\n<div class=\"sc_item_descr sc_title_descr sc_align_center\"><p>Nuestra empresa se fund\u00f3 en el a\u00f1o 2014 con el prop\u00f3sito de apoyar emprendimientos que generen impacto rentable, social y ambientalmente seguro, tanto para las personas como para el planeta.<\/p>\n<p>Cada vez son m\u00e1s las empresas y empresarios que buscan la transparencia y medir sus impactos sociales y ambientales.<\/p>\n<p>Las empresas que se certifican como Empresa B no son perfectas, pero asumen un compromiso de mejora continua y ponen su prop\u00f3sito empresarial socioambiental en el centro de su modelo de negocio. Miden y analizan las cinco \u00e1reas m\u00e1s relevantes de su empresa: Gobierno, Trabajadores, Clientes, Comunidad y Medio Ambiente, permitiendo una revisi\u00f3n detallada de todas ellas, con el fin de ayudar a identificar todos los posibles puntos de mejora y oportunidades para ser un agente de cambio en la econom\u00eda, protegiendo la misi\u00f3n y potenciando el triple impacto.<\/p>\n<\/div><\/div><!-- \/.sc_title -->[vc_empty_space height=\u00bb3.8rem\u00bb alter_height=\u00bbnone\u00bb hide_on_desktop=\u00bb\u00bb hide_on_notebook=\u00bb\u00bb hide_on_tablet=\u00bb\u00bb hide_on_mobile=\u00bb\u00bb]<\/div><\/div><!-- \/.sc_content -->[\/vc_column][\/vc_row][vc_row full_width=\u00bbstretch_row\u00bb hide_bg_image_on_tablet=\u00bb\u00bb hide_bg_image_on_mobile=\u00bb\u00bb css=\u00bb.vc_custom_1656996838325{background: #e9e9e9 url(http:\/\/bcapitales.com\/wp-content\/uploads\/2022\/07\/cordillera2-scaled.jpg?id=1215) !important;background-position: bottom left !important;background-repeat: no-repeat !important;}\u00bb el_id=\u00bbempresas\u00bb][vc_column icons_position=\u00bbleft\u00bb][vc_empty_space height=\u00bb3.45rem\u00bb alter_height=\u00bbnone\u00bb hide_on_desktop=\u00bb\u00bb hide_on_notebook=\u00bb\u00bb hide_on_tablet=\u00bb\u00bb hide_on_mobile=\u00bb\u00bb][vc_empty_space height=\u00bb4rem\u00bb alter_height=\u00bbnone\u00bb hide_on_desktop=\u00bb\u00bb hide_on_notebook=\u00bb\u00bb hide_on_tablet=\u00bb1&#8243; hide_on_mobile=\u00bb\u00bb]<div id=\"sc_content_2006200378\"\n\t\tclass=\"sc_content color_style_default sc_content_default sc_float_center sc_align_center\"><div class=\"sc_content_container\">[vc_row_inner][vc_column_inner width=\u00bb1\/4&#8243; icons_position=\u00bbleft\u00bb][\/vc_column_inner][vc_column_inner width=\u00bb1\/2&#8243; icons_position=\u00bbleft\u00bb]<div id=\"sc_title_1453736214\"\n\t\tclass=\"sc_title color_style_default sc_title_default\"><h6 class=\"sc_item_subtitle sc_title_subtitle sc_align_center sc_item_title_style_default\">Empresas BCapitales<\/h6><h3 class=\"sc_item_title sc_title_title sc_align_center sc_item_title_style_default\">Nuestras Empresas<\/h3><div class=\"sc_item_descr sc_title_descr sc_align_center\"><p>Actualmente tenemos bajo nuestra administraci\u00f3n e inversi\u00f3n, las siguientes compa\u00f1\u00edas de capitales comunes:<\/p>\n<\/div><\/div><!-- \/.sc_title -->[\/vc_column_inner][vc_column_inner width=\u00bb1\/4&#8243; icons_position=\u00bbleft\u00bb][\/vc_column_inner][\/vc_row_inner]<div id=\"sc_title_739060009\"\n\t\tclass=\"sc_title color_style_default sc_title_2  vc_custom_1656996782261\"><h4 class=\"sc_item_title sc_title_title sc_align_center sc_item_title_style_2 sc_item_title_tag\">I + D<\/h4><\/div><!-- \/.sc_title -->[vc_row_inner][vc_column_inner width=\u00bb1\/3&#8243; icons_position=\u00bbleft\u00bb][\/vc_column_inner][vc_column_inner width=\u00bb1\/3&#8243; icons_position=\u00bbleft\u00bb][vc_single_image image=\u00bb1237&#8243; img_size=\u00bb240&#215;180&#8243; alignment=\u00bbcenter\u00bb onclick=\u00bbcustom_link\u00bb img_link_target=\u00bb_blank\u00bb link=\u00bbhttp:\/\/acq2020.cl\u00bb][vc_column_text css=\u00bb.vc_custom_1657209112176{margin-top: -20px !important;}\u00bb]<\/p>\n<p style=\"text-align: center;\"><strong>ACQ2020<\/strong>(Per\u00f3xido de hidr\u00f3geno de actividad mejorada No corrosivo, No inflamable, No toxico, ecofriendly, eficaz en descontaminaci\u00f3n de virus, bacterias, hongos y levaduras)<\/p>\n<p>[\/vc_column_text][\/vc_column_inner][vc_column_inner width=\u00bb1\/3&#8243; icons_position=\u00bbleft\u00bb][\/vc_column_inner][\/vc_row_inner][vc_empty_space height=\u00bb3rem\u00bb alter_height=\u00bbnone\u00bb hide_on_desktop=\u00bb\u00bb hide_on_notebook=\u00bb\u00bb hide_on_tablet=\u00bb1&#8243; hide_on_mobile=\u00bb\u00bb]<div id=\"sc_title_489639608\"\n\t\tclass=\"sc_title color_style_default sc_title_2\"><h4 class=\"sc_item_title sc_title_title sc_align_center sc_item_title_style_2 sc_item_title_tag\">HEALTH<\/h4><\/div><!-- \/.sc_title -->[vc_row_inner][vc_column_inner width=\u00bb1\/3&#8243; fix_column=\u00bb\u00bb icons_position=\u00bbleft\u00bb css=\u00bb.vc_custom_1656996523420{margin-top: 20px !important;margin-bottom: -20px !important;}\u00bb][\/vc_column_inner][vc_column_inner width=\u00bb1\/3&#8243; icons_position=\u00bbleft\u00bb][vc_single_image image=\u00bb1236&#8243; img_size=\u00bb240&#215;180&#8243; alignment=\u00bbcenter\u00bb onclick=\u00bbcustom_link\u00bb img_link_target=\u00bb_blank\u00bb link=\u00bbhttp:\/\/bsalud.cl\u00bb][vc_column_text css=\u00bb.vc_custom_1656996166010{margin-top: -40px !important;}\u00bb]<\/p>\n<p style=\"text-align: center;\"><strong>Bsalud.cl <\/strong><br \/>\n(Importador y comercializador de insumos m\u00e9dicos)<\/p>\n<p>[\/vc_column_text][\/vc_column_inner][vc_column_inner width=\u00bb1\/3&#8243; icons_position=\u00bbleft\u00bb][\/vc_column_inner][\/vc_row_inner][vc_empty_space height=\u00bb3rem\u00bb alter_height=\u00bbnone\u00bb hide_on_desktop=\u00bb\u00bb hide_on_notebook=\u00bb\u00bb hide_on_tablet=\u00bb1&#8243; hide_on_mobile=\u00bb\u00bb][vc_row_inner][vc_column_inner width=\u00bb1\/2&#8243; icons_position=\u00bbleft\u00bb offset=\u00bbvc_hidden-lg vc_hidden-md vc_hidden-sm vc_hidden-xs\u00bb][vc_single_image image=\u00bb1238&#8243; img_size=\u00bb240&#215;180&#8243; alignment=\u00bbcenter\u00bb][vc_column_text css=\u00bb.vc_custom_1656996207434{margin-top: -40px !important;}\u00bb]<\/p>\n<p style=\"text-align: center;\"><strong>KAS, Koala Active Serum<\/strong> (Primer Serum vegano 100% activo en base a frutas, ar\u00e1ndano y papaya) Representantes para USA y Latinoam\u00e9rica.<\/p>\n<p>[\/vc_column_text][\/vc_column_inner][vc_column_inner width=\u00bb1\/2&#8243; icons_position=\u00bbleft\u00bb offset=\u00bbvc_hidden-lg vc_hidden-md vc_hidden-sm vc_hidden-xs\u00bb][vc_single_image image=\u00bb1240&#8243; img_size=\u00bb240&#215;180&#8243; alignment=\u00bbcenter\u00bb onclick=\u00bbcustom_link\u00bb img_link_target=\u00bb_blank\u00bb link=\u00bbhttps:\/\/www.nutriorg.cl\/\u00bb][vc_column_text css=\u00bb.vc_custom_1656996222874{margin-top: -40px !important;}\u00bb]<\/p>\n<p style=\"text-align: center;\"><strong>NUTRIORG<\/strong> (Fabrica de productos org\u00e1nicos de la india) representantes para Latinoam\u00e9rica<\/p>\n<p>[\/vc_column_text][\/vc_column_inner][\/vc_row_inner]<\/div><\/div><!-- \/.sc_content -->[vc_row_inner][vc_column_inner icons_position=\u00bbleft\u00bb offset=\u00bbvc_hidden-lg vc_hidden-md vc_hidden-sm\u00bb][vc_empty_space height=\u00bb3rem\u00bb alter_height=\u00bbnone\u00bb hide_on_desktop=\u00bb\u00bb hide_on_notebook=\u00bb\u00bb hide_on_tablet=\u00bb1&#8243; hide_on_mobile=\u00bb\u00bb][\/vc_column_inner][\/vc_row_inner][\/vc_column][vc_column icons_position=\u00bbleft\u00bb][vc_empty_space height=\u00bb2.5rem\u00bb alter_height=\u00bbnone\u00bb hide_on_desktop=\u00bb\u00bb hide_on_notebook=\u00bb\u00bb hide_on_tablet=\u00bb\u00bb hide_on_mobile=\u00bb\u00bb][vc_empty_space height=\u00bb3rem\u00bb alter_height=\u00bbnone\u00bb hide_on_desktop=\u00bb\u00bb hide_on_notebook=\u00bb\u00bb hide_on_tablet=\u00bb\u00bb hide_on_mobile=\u00bb\u00bb][\/vc_column][\/vc_row][vc_row full_width=\u00bbstretch_row\u00bb hide_bg_image_on_tablet=\u00bb\u00bb hide_bg_image_on_mobile=\u00bb\u00bb el_id=\u00bbcontacto\u00bb][vc_column width=\u00bb5\/6&#8243; icons_position=\u00bbleft\u00bb offset=\u00bbvc_col-md-offset-2 vc_col-md-8 vc_col-sm-offset-1&#8243;][vc_empty_space height=\u00bb3.35rem\u00bb alter_height=\u00bbnone\u00bb hide_on_desktop=\u00bb\u00bb hide_on_notebook=\u00bb\u00bb hide_on_tablet=\u00bb\u00bb hide_on_mobile=\u00bb1&#8243;][vc_empty_space height=\u00bb4rem\u00bb alter_height=\u00bbnone\u00bb hide_on_desktop=\u00bb\u00bb hide_on_notebook=\u00bb\u00bb hide_on_tablet=\u00bb\u00bb hide_on_mobile=\u00bb\u00bb]<div id=\"sc_content_148452053\"\n\t\tclass=\"sc_content color_style_default sc_content_default sc_content_width_90p sc_float_center sc_align_justify\"><div class=\"sc_content_container\"><div id=\"sc_title_1275975561\"\n\t\tclass=\"sc_title color_style_default sc_title_default  vc_custom_1657043145724 with_border\"><h6 class=\"sc_item_subtitle sc_title_subtitle sc_align_center sc_item_title_style_default\">Escr\u00edbenos<\/h6><h3 class=\"sc_item_title sc_title_title sc_align_center sc_item_title_style_default\">Formulario de Contacto<\/h3><div class=\"title_icon icon-010-wave  sc_align_center\"><\/div>\n<\/div><!-- \/.sc_title --><div role=\"form\" class=\"wpcf7\" id=\"wpcf7-f1101-o1\" lang=\"en-US\" dir=\"ltr\">\n<div class=\"screen-reader-response\"><p role=\"status\" aria-live=\"polite\" aria-atomic=\"true\"><\/p> <ul><\/ul><\/div>\n<form action=\"\/index.php\/wp-json\/wp\/v2\/pages\/2#wpcf7-f1101-o1\" method=\"post\" class=\"wpcf7-form init\" novalidate=\"novalidate\" data-status=\"init\">\n<div style=\"display: none;\">\n<input type=\"hidden\" name=\"_wpcf7\" value=\"1101\" \/>\n<input type=\"hidden\" name=\"_wpcf7_version\" value=\"5.6\" \/>\n<input type=\"hidden\" name=\"_wpcf7_locale\" value=\"en_US\" \/>\n<input type=\"hidden\" name=\"_wpcf7_unit_tag\" value=\"wpcf7-f1101-o1\" \/>\n<input type=\"hidden\" name=\"_wpcf7_container_post\" value=\"0\" \/>\n<input type=\"hidden\" name=\"_wpcf7_posted_data_hash\" value=\"\" \/>\n<input type=\"hidden\" name=\"_wpcf7_recaptcha_response\" value=\"\" \/>\n<\/div>\n<div class=\"columns_wrap\">\n<div class=\"column-1_2\"><span class=\"wpcf7-form-control-wrap\" data-name=\"your-name\"><input type=\"text\" name=\"your-name\" value=\"\" size=\"40\" class=\"wpcf7-form-control wpcf7-text wpcf7-validates-as-required\" aria-required=\"true\" aria-invalid=\"false\" placeholder=\"Nombre\" \/><\/span><\/div>\n<div class=\"column-1_2\"><span class=\"wpcf7-form-control-wrap\" data-name=\"your-email\"><input type=\"email\" name=\"your-email\" value=\"\" size=\"40\" class=\"wpcf7-form-control wpcf7-text wpcf7-email wpcf7-validates-as-required wpcf7-validates-as-email\" aria-required=\"true\" aria-invalid=\"false\" placeholder=\"Correo\" \/><\/span><\/div>\n<\/div>\n<div class=\"columns_wrap\">\n<div class=\"column-1_1\"><span class=\"wpcf7-form-control-wrap\" data-name=\"textarea-message\"><textarea name=\"textarea-message\" cols=\"40\" rows=\"3\" class=\"wpcf7-form-control wpcf7-textarea wpcf7-validates-as-required\" aria-required=\"true\" aria-invalid=\"false\" placeholder=\"Mensaje\"><\/textarea><\/span><\/div>\n<\/div>\n<div class=\"columns_wrap sc_align_right\">\n<div class=\"column-1_1\"><input type=\"submit\" value=\"Enviar mensaje\" class=\"wpcf7-form-control has-spinner wpcf7-submit\" \/><\/div>\n<\/div>\n<div class=\"wpcf7-response-output\" aria-hidden=\"true\"><\/div><\/form><\/div>[vc_empty_space height=\u00bb3.8rem\u00bb alter_height=\u00bbnone\u00bb hide_on_desktop=\u00bb\u00bb hide_on_notebook=\u00bb\u00bb hide_on_tablet=\u00bb\u00bb hide_on_mobile=\u00bb\u00bb]<\/div><\/div><!-- \/.sc_content -->[\/vc_column][\/vc_row]<\/p>\n","protected":false},"excerpt":{"rendered":"<p>[vc_row full_width=\u00bbstretch_row_content_no_spaces\u00bb hide_bg_image_on_tablet=\u00bb\u00bb hide_bg_image_on_mobile=\u00bb\u00bb css=\u00bb.vc_custom_1516091458283{background-size: cover !important;}\u00bb][vc_column icons_position=\u00bbleft\u00bb][rev_slider_vc alias=\u00bbhome_1&#8243;][\/vc_column][\/vc_row][vc_row full_width=\u00bbstretch_row\u00bb hide_bg_image_on_tablet=\u00bb\u00bb hide_bg_image_on_mobile=\u00bb\u00bb el_id=\u00bbnosotros\u00bb][vc_column width=\u00bb5\/6&#8243; icons_position=\u00bbleft\u00bb offset=\u00bbvc_col-md-offset-2 vc_col-md-8 vc_col-sm-offset-1&#8243;][vc_empty_space height=\u00bb3.35rem\u00bb alter_height=\u00bbnone\u00bb hide_on_desktop=\u00bb\u00bb hide_on_notebook=\u00bb\u00bb&hellip;<\/p>\n","protected":false},"author":1,"featured_media":0,"parent":0,"menu_order":0,"comment_status":"closed","ping_status":"open","template":"","meta":{"footnotes":""},"class_list":["post-2","page","type-page","status-publish","hentry"],"_links":{"self":[{"href":"https:\/\/www.bcapitales.com\/index.php\/wp-json\/wp\/v2\/pages\/2","targetHints":{"allow":["GET"]}}],"collection":[{"href":"https:\/\/www.bcapitales.com\/index.php\/wp-json\/wp\/v2\/pages"}],"about":[{"href":"https:\/\/www.bcapitales.com\/index.php\/wp-json\/wp\/v2\/types\/page"}],"author":[{"embeddable":true,"href":"https:\/\/www.bcapitales.com\/index.php\/wp-json\/wp\/v2\/users\/1"}],"replies":[{"embeddable":true,"href":"https:\/\/www.bcapitales.com\/index.php\/wp-json\/wp\/v2\/comments?post=2"}],"version-history":[{"count":72,"href":"https:\/\/www.bcapitales.com\/index.php\/wp-json\/wp\/v2\/pages\/2\/revisions"}],"predecessor-version":[{"id":1373,"href":"https:\/\/www.bcapitales.com\/index.php\/wp-json\/wp\/v2\/pages\/2\/revisions\/1373"}],"wp:attachment":[{"href":"https:\/\/www.bcapitales.com\/index.php\/wp-json\/wp\/v2\/media?parent=2"}],"curies":[{"name":"wp","href":"https:\/\/api.w.org\/{rel}","templated":true}]}}